{"id":2,"date":"2026-03-10T11:23:33","date_gmt":"2026-03-10T10:23:33","guid":{"rendered":"http:\/\/wp.digilikes.app\/?page_id=2"},"modified":"2026-03-10T19:14:50","modified_gmt":"2026-03-10T18:14:50","slug":"page-d-exemple","status":"publish","type":"page","link":"https:\/\/wp.digilikes.app\/","title":{"rendered":"wp-trust"},"content":{"rendered":"\n<p class=\"has-medium-font-size\"><br>S\u00e9curisez votre site WordPress avant qu\u2019il ne soit trop tard !!<br><br>En 2026, un site WordPress mal s\u00e9curis\u00e9 n\u2019est plus seulement un risque technique. C\u2019est un risque financier, juridique et commercial !<br><br><strong>Un site pirat\u00e9 peut entra\u00eener :<br><\/strong><br>&#8211; La perte de vos donn\u00e9es<br>&#8211; Une atteinte \u00e0 votre r\u00e9putation<br>&#8211; L\u2019arr\u00eat partielle ou totale de votre activit\u00e9<br>&#8211; Des sanctions l\u00e9gales<br><br>Et pourtant, la grande majorit\u00e9 des sites WordPress sont vuln\u00e9rables\u00a0:<br><br>&#8211; WordPress n\u2019est pas \u00e0 jour<br>&#8211; Les plugins sont obsol\u00e8tes<br>&#8211; Les th\u00e8mes contiennent des failles<br>&#8211; Aucune surveillance n&rsquo;est mise en place<br>&#8211; Le serveur n\u2019est pas s\u00e9curis\u00e9<br><br>R\u00e9sultat :<br><br>Les hackers utilisent des robots automatiques capables de scanner des milliers de sites en quelques minutes. Et lorsqu\u2019ils trouvent une faille, l\u2019intrusion prend souvent moins de 30 secondes.<\/p>\n\n\n\n<p class=\"has-medium-font-size\"><strong>Une responsabilit\u00e9 l\u00e9gale renforc\u00e9e :<br><\/strong><br>Depuis les nouvelles exigences europ\u00e9ennes en mati\u00e8re de s\u00e9curit\u00e9 num\u00e9rique et de protection des donn\u00e9es, le propri\u00e9taire d\u2019un site web est responsable de la s\u00e9curit\u00e9 de sa plateforme.<br><br>En cas de faille ou de piratage :<br><br>&#8211; Vos donn\u00e9es clients peuvent \u00eatre expos\u00e9es<br>&#8211; Votre responsabilit\u00e9 peut \u00eatre engag\u00e9e<br>&#8211; Vous pouvez subir des sanctions financi\u00e8res et judiciaires<br><br>Avec <strong>wp-trust<\/strong> : un WordPress toujours \u00e0 jour, pour toujours.<\/p>\n\n\n\n<p class=\"has-medium-font-size\"><\/p>\n\n\n\n<p><\/p>\n","protected":false},"excerpt":{"rendered":"<p>S\u00e9curisez votre site WordPress avant qu\u2019il ne soit trop tard !! En 2026, un site WordPress mal s\u00e9curis\u00e9 n\u2019est plus seulement un risque technique. C\u2019est un risque financier, juridique et commercial ! Un site pirat\u00e9 peut entra\u00eener :&#8211; La perte de vos donn\u00e9es&#8211; Une atteinte \u00e0 votre r\u00e9putation&#8211; L\u2019arr\u00eat partielle ou totale de votre activit\u00e9&#8211; [&hellip;]<\/p>\n","protected":false},"author":1,"featured_media":0,"parent":0,"menu_order":0,"comment_status":"closed","ping_status":"open","template":"","meta":{"footnotes":""},"class_list":["post-2","page","type-page","status-publish","hentry"],"_links":{"self":[{"href":"https:\/\/wp.digilikes.app\/index.php?rest_route=\/wp\/v2\/pages\/2","targetHints":{"allow":["GET"]}}],"collection":[{"href":"https:\/\/wp.digilikes.app\/index.php?rest_route=\/wp\/v2\/pages"}],"about":[{"href":"https:\/\/wp.digilikes.app\/index.php?rest_route=\/wp\/v2\/types\/page"}],"author":[{"embeddable":true,"href":"https:\/\/wp.digilikes.app\/index.php?rest_route=\/wp\/v2\/users\/1"}],"replies":[{"embeddable":true,"href":"https:\/\/wp.digilikes.app\/index.php?rest_route=%2Fwp%2Fv2%2Fcomments&post=2"}],"version-history":[{"count":5,"href":"https:\/\/wp.digilikes.app\/index.php?rest_route=\/wp\/v2\/pages\/2\/revisions"}],"predecessor-version":[{"id":30,"href":"https:\/\/wp.digilikes.app\/index.php?rest_route=\/wp\/v2\/pages\/2\/revisions\/30"}],"wp:attachment":[{"href":"https:\/\/wp.digilikes.app\/index.php?rest_route=%2Fwp%2Fv2%2Fmedia&parent=2"}],"curies":[{"name":"wp","href":"https:\/\/api.w.org\/{rel}","templated":true}]}}